{"id":12,"date":"2023-09-18T10:38:12","date_gmt":"2023-09-18T13:38:12","guid":{"rendered":"https:\/\/ileaxeominagbaraoluaye.org\/?page_id=12"},"modified":"2023-10-10T20:27:40","modified_gmt":"2023-10-10T23:27:40","slug":"contato","status":"publish","type":"page","link":"https:\/\/ileaxeominagbaraoluaye.org\/?page_id=12","title":{"rendered":"Contato"},"content":{"rendered":"\n<p style=\"font-size:clamp(14px, 0.875rem + ((1vw - 3.2px) * 0.682), 20px);\">Se interessou por algum de nossos projetos e quer saber mais a respeito? Gostaria de propor uma parceria, fazer uma doa\u00e7\u00e3o, ou simplesmente mandar um al\u00f4? <\/p>\n\n\n\n<p class=\"has-small-font-size\">Voc\u00ea pode nos encontrar no Instagram no perfil <a href=\"https:\/\/www.instagram.com\/ileaxeominagbaraoluaye\/\">@ileaxeominagbaraoluaye<\/a> e inscrever-se na nossa <a href=\"https:\/\/forms.gle\/Ftf8Tb5BjbD2ZPvu8\" data-type=\"link\" data-id=\"https:\/\/forms.gle\/Ftf8Tb5BjbD2ZPvu8\">Newsletter<\/a> para receber conte\u00fados regulares sobre nossas atividades.  Fique \u00e0 vontade para curtir e compartilhar \ud83d\ude09 <\/p>\n\n\n\n<p class=\"has-small-font-size\">Para doa\u00e7\u00f5es de alimentos e itens de primeira necessidade ou parcerias, escreva um e-mail para <a href=\"mailto:ileaxeominagbaraoluaye@gmail.com\">ileaxeominagbaraoluaye@gmail.com<\/a>. E para saber como fazer uma doa\u00e7\u00e3o em dinheiro, clique na aba <a href=\"https:\/\/ileaxeominagbaraoluaye.org\/?page_id=77\" data-type=\"link\" data-id=\"https:\/\/ileaxeominagbaraoluaye.org\/?page_id=77\">Seja um Doador<\/a> em nosso site. <\/p>\n\n\n\n<p class=\"has-small-font-size\">A comunidade do Il\u00ea Ax\u00e9 Omin Agbara Oluay\u00ea  agradece o seu interesse!<\/p>\n\n\n\n<figure class=\"wp-block-image aligncenter size-large\"><img loading=\"lazy\" decoding=\"async\" width=\"1024\" height=\"683\" src=\"https:\/\/ileaxeominagbaraoluaye.org\/wp-content\/uploads\/2023\/10\/20220703-IMG_6017-1024x683.jpg\" alt=\"\" class=\"wp-image-40\" srcset=\"https:\/\/ileaxeominagbaraoluaye.org\/wp-content\/uploads\/2023\/10\/20220703-IMG_6017-1024x683.jpg 1024w, https:\/\/ileaxeominagbaraoluaye.org\/wp-content\/uploads\/2023\/10\/20220703-IMG_6017-300x200.jpg 300w, https:\/\/ileaxeominagbaraoluaye.org\/wp-content\/uploads\/2023\/10\/20220703-IMG_6017-768x512.jpg 768w, https:\/\/ileaxeominagbaraoluaye.org\/wp-content\/uploads\/2023\/10\/20220703-IMG_6017-1536x1024.jpg 1536w, https:\/\/ileaxeominagbaraoluaye.org\/wp-content\/uploads\/2023\/10\/20220703-IMG_6017-2048x1365.jpg 2048w\" sizes=\"auto, (max-width: 1024px) 100vw, 1024px\" \/><\/figure>\n","protected":false},"excerpt":{"rendered":"<p>Se interessou por algum de nossos projetos e quer saber mais a respeito? Gostaria de propor uma parceria, fazer uma doa\u00e7\u00e3o, ou simplesmente mandar um al\u00f4? Voc\u00ea pode nos encontrar no Instagram no perfil @ileaxeominagbaraoluaye e inscrever-se na nossa Newsletter para receber conte\u00fados regulares sobre nossas atividades. Fique \u00e0 vontade para curtir e compartilhar \ud83d\ude09 [&hellip;]<\/p>\n","protected":false},"author":1,"featured_media":0,"parent":0,"menu_order":0,"comment_status":"closed","ping_status":"closed","template":"","meta":{"footnotes":""},"class_list":["post-12","page","type-page","status-publish","hentry"],"_links":{"self":[{"href":"https:\/\/ileaxeominagbaraoluaye.org\/index.php?rest_route=\/wp\/v2\/pages\/12","targetHints":{"allow":["GET"]}}],"collection":[{"href":"https:\/\/ileaxeominagbaraoluaye.org\/index.php?rest_route=\/wp\/v2\/pages"}],"about":[{"href":"https:\/\/ileaxeominagbaraoluaye.org\/index.php?rest_route=\/wp\/v2\/types\/page"}],"author":[{"embeddable":true,"href":"https:\/\/ileaxeominagbaraoluaye.org\/index.php?rest_route=\/wp\/v2\/users\/1"}],"replies":[{"embeddable":true,"href":"https:\/\/ileaxeominagbaraoluaye.org\/index.php?rest_route=%2Fwp%2Fv2%2Fcomments&post=12"}],"version-history":[{"count":7,"href":"https:\/\/ileaxeominagbaraoluaye.org\/index.php?rest_route=\/wp\/v2\/pages\/12\/revisions"}],"predecessor-version":[{"id":315,"href":"https:\/\/ileaxeominagbaraoluaye.org\/index.php?rest_route=\/wp\/v2\/pages\/12\/revisions\/315"}],"wp:attachment":[{"href":"https:\/\/ileaxeominagbaraoluaye.org\/index.php?rest_route=%2Fwp%2Fv2%2Fmedia&parent=12"}],"curies":[{"name":"wp","href":"https:\/\/api.w.org\/{rel}","templated":true}]}}