{"id":2,"date":"2023-09-15T00:18:15","date_gmt":"2023-09-15T03:18:15","guid":{"rendered":"http:\/\/ileaxeominagbaraoluaye.org\/?page_id=2"},"modified":"2023-10-10T20:25:53","modified_gmt":"2023-10-10T23:25:53","slug":"quem-somos","status":"publish","type":"page","link":"https:\/\/ileaxeominagbaraoluaye.org\/?page_id=2","title":{"rendered":"Quem Somos"},"content":{"rendered":"\n<p class=\"has-small-font-size\">O Il\u00ea Ax\u00e9 Omin Agbara Oluay\u00ea \u00e9 uma comunidade tradicional de terreiro que existe h\u00e1 cinco anos no bairro de Prados Verdes, zona rural do munic\u00edpio de Nova Igua\u00e7u, regi\u00e3o metropolitana do Rio. Somos uma comunidade em constru\u00e7\u00e3o, que enfrenta os m\u00faltiplos desafios de colocar de p\u00e9 uma casa de ax\u00e9 atrav\u00e9s da a\u00e7\u00e3o coletiva de muitos p\u00e9s, m\u00e3os e cabe\u00e7as.&nbsp;<\/p>\n\n\n\n<p class=\"has-small-font-size\">Dirigido pela Iyalorix\u00e1 Fl\u00e1via Regina de Jagun e composto em sua maioria por mulheres e pessoas negras, o terreiro \u00e9 oriundo da matriz religiosa ketu-nag\u00f4, tendo como miss\u00e3o a preserva\u00e7\u00e3o dos valores e pr\u00e1ticas culturais, sociais e religiosas de matrizes africanas.<\/p>\n\n\n\n<p class=\"has-small-font-size\">Desde sua funda\u00e7\u00e3o, nossa comunidade tem apostado no desenvolvimento de a\u00e7\u00f5es sociais e culturais, a fim de impactar positivamente o territ\u00f3rio onde nos encontramos, garantindo que o terreiro possa ser reconhecido como espa\u00e7o de acolhimento e cuidado.  <\/p>\n\n\n\n<p class=\"has-small-font-size\">Somos unidos pelo poder de uma religi\u00e3o de base matriarcal, e pelo desejo de empoderar nossa comunidade para agir politicamente no mundo.<\/p>\n\n\n\n<p class=\"has-small-font-size\">Neste site, voc\u00ea conhece um pouco da nossa trajet\u00f3ria e se informa sobre nossos projetos e a\u00e7\u00f5es sociais. <\/p>\n\n\n\n<figure class=\"wp-block-image size-large\"><img loading=\"lazy\" decoding=\"async\" width=\"1024\" height=\"683\" src=\"http:\/\/ileaxeominagbaraoluaye.org\/wp-content\/uploads\/2023\/09\/20220703-IMG_6755-4-1024x683.jpg\" alt=\"\" class=\"wp-image-34\" style=\"aspect-ratio:3\/2;object-fit:cover\" srcset=\"https:\/\/ileaxeominagbaraoluaye.org\/wp-content\/uploads\/2023\/09\/20220703-IMG_6755-4-1024x683.jpg 1024w, https:\/\/ileaxeominagbaraoluaye.org\/wp-content\/uploads\/2023\/09\/20220703-IMG_6755-4-300x200.jpg 300w, https:\/\/ileaxeominagbaraoluaye.org\/wp-content\/uploads\/2023\/09\/20220703-IMG_6755-4-768x512.jpg 768w, https:\/\/ileaxeominagbaraoluaye.org\/wp-content\/uploads\/2023\/09\/20220703-IMG_6755-4-1536x1024.jpg 1536w, https:\/\/ileaxeominagbaraoluaye.org\/wp-content\/uploads\/2023\/09\/20220703-IMG_6755-4-2048x1365.jpg 2048w\" sizes=\"auto, (max-width: 1024px) 100vw, 1024px\" \/><\/figure>\n\n\n\n<p class=\"has-medium-font-size\">A ben\u00e7\u00e3o, Iy\u00e1!<\/p>\n\n\n\n<p class=\"has-small-font-size\">Fl\u00e1via Regina da Cruz Vieira \u00e9 Iyalorix\u00e1, professora e historiadora. <br><br>Iniciou sua trajet\u00f3ria religiosa com a saudosa Iy\u00e1 Regina Lucia de Oxagui\u00e3, no Il\u00ea Ax\u00e9 Azauane, em Marechal Hermes, onde permaneceu 17 anos. Deu continuidade aos seus ciclos obrigacionais com Iy\u00e1 Marlise de Oxum, no Il\u00ea Ax\u00e9 \u00ccy\u00e1l\u00f3de \u1ecc\u0300\u1e63\u00fan Kare Ade Omi Aro. <br><br>Historiadora formada pela UFRJ e Mestre em Ci\u00eancias Sociais na UERJ, \u00e9 professora do Ensino M\u00e9dio. Ativista pela defesa dos povos de matriz africana e pelo fortalecimento da cultura afrobrasileira, desenvolve projetos com mulheres, crian\u00e7as e jovens, voltados para a promo\u00e7\u00e3o de seus direitos e para o combate \u00e0s m\u00faltiplas formas do racismo, inclusive o religioso.<\/p>\n\n\n\n<figure class=\"wp-block-image size-large\"><img loading=\"lazy\" decoding=\"async\" width=\"1024\" height=\"683\" src=\"https:\/\/ileaxeominagbaraoluaye.org\/wp-content\/uploads\/2023\/10\/20220911-IMG_7487-1024x683.jpg\" alt=\"\" class=\"wp-image-86\" style=\"aspect-ratio:3\/2;object-fit:cover\" srcset=\"https:\/\/ileaxeominagbaraoluaye.org\/wp-content\/uploads\/2023\/10\/20220911-IMG_7487-1024x683.jpg 1024w, https:\/\/ileaxeominagbaraoluaye.org\/wp-content\/uploads\/2023\/10\/20220911-IMG_7487-300x200.jpg 300w, https:\/\/ileaxeominagbaraoluaye.org\/wp-content\/uploads\/2023\/10\/20220911-IMG_7487-768x512.jpg 768w, https:\/\/ileaxeominagbaraoluaye.org\/wp-content\/uploads\/2023\/10\/20220911-IMG_7487-1536x1024.jpg 1536w, https:\/\/ileaxeominagbaraoluaye.org\/wp-content\/uploads\/2023\/10\/20220911-IMG_7487-2048x1365.jpg 2048w\" sizes=\"auto, (max-width: 1024px) 100vw, 1024px\" \/><\/figure>\n","protected":false},"excerpt":{"rendered":"<p>O Il\u00ea Ax\u00e9 Omin Agbara Oluay\u00ea \u00e9 uma comunidade tradicional de terreiro que existe h\u00e1 cinco anos no bairro de Prados Verdes, zona rural do munic\u00edpio de Nova Igua\u00e7u, regi\u00e3o metropolitana do Rio. Somos uma comunidade em constru\u00e7\u00e3o, que enfrenta os m\u00faltiplos desafios de colocar de p\u00e9 uma casa de ax\u00e9 atrav\u00e9s da a\u00e7\u00e3o coletiva [&hellip;]<\/p>\n","protected":false},"author":1,"featured_media":0,"parent":0,"menu_order":0,"comment_status":"closed","ping_status":"closed","template":"","meta":{"footnotes":""},"class_list":["post-2","page","type-page","status-publish","hentry"],"_links":{"self":[{"href":"https:\/\/ileaxeominagbaraoluaye.org\/index.php?rest_route=\/wp\/v2\/pages\/2","targetHints":{"allow":["GET"]}}],"collection":[{"href":"https:\/\/ileaxeominagbaraoluaye.org\/index.php?rest_route=\/wp\/v2\/pages"}],"about":[{"href":"https:\/\/ileaxeominagbaraoluaye.org\/index.php?rest_route=\/wp\/v2\/types\/page"}],"author":[{"embeddable":true,"href":"https:\/\/ileaxeominagbaraoluaye.org\/index.php?rest_route=\/wp\/v2\/users\/1"}],"replies":[{"embeddable":true,"href":"https:\/\/ileaxeominagbaraoluaye.org\/index.php?rest_route=%2Fwp%2Fv2%2Fcomments&post=2"}],"version-history":[{"count":6,"href":"https:\/\/ileaxeominagbaraoluaye.org\/index.php?rest_route=\/wp\/v2\/pages\/2\/revisions"}],"predecessor-version":[{"id":314,"href":"https:\/\/ileaxeominagbaraoluaye.org\/index.php?rest_route=\/wp\/v2\/pages\/2\/revisions\/314"}],"wp:attachment":[{"href":"https:\/\/ileaxeominagbaraoluaye.org\/index.php?rest_route=%2Fwp%2Fv2%2Fmedia&parent=2"}],"curies":[{"name":"wp","href":"https:\/\/api.w.org\/{rel}","templated":true}]}}