{"id":323,"date":"2023-10-12T12:33:57","date_gmt":"2023-10-12T15:33:57","guid":{"rendered":"https:\/\/ileaxeominagbaraoluaye.org\/?page_id=323"},"modified":"2023-10-14T00:05:58","modified_gmt":"2023-10-14T03:05:58","slug":"plantando-direitos-humanos-cuidando-da-terra","status":"publish","type":"page","link":"https:\/\/ileaxeominagbaraoluaye.org\/?page_id=323","title":{"rendered":"Plantando direitos humanos, cuidando da terra"},"content":{"rendered":"\n<figure class=\"wp-block-image size-large\"><img loading=\"lazy\" decoding=\"async\" width=\"1024\" height=\"683\" src=\"http:\/\/ileaxeominagbaraoluaye.org\/wp-content\/uploads\/2023\/10\/RioGuandu2-2-1024x683.png\" alt=\"\" class=\"wp-image-106\" srcset=\"https:\/\/ileaxeominagbaraoluaye.org\/wp-content\/uploads\/2023\/10\/RioGuandu2-2-1024x683.png 1024w, https:\/\/ileaxeominagbaraoluaye.org\/wp-content\/uploads\/2023\/10\/RioGuandu2-2-300x200.png 300w, https:\/\/ileaxeominagbaraoluaye.org\/wp-content\/uploads\/2023\/10\/RioGuandu2-2-768x512.png 768w, https:\/\/ileaxeominagbaraoluaye.org\/wp-content\/uploads\/2023\/10\/RioGuandu2-2-1536x1024.png 1536w, https:\/\/ileaxeominagbaraoluaye.org\/wp-content\/uploads\/2023\/10\/RioGuandu2-2-2048x1365.png 2048w\" sizes=\"auto, (max-width: 1024px) 100vw, 1024px\" \/><\/figure>\n\n\n\n<blockquote class=\"wp-block-quote is-layout-flow wp-block-quote-is-layout-flow\">\n<p class=\"has-small-font-size\">A \u00e1gua me contou muitos segredos<br>Guardou os meus segredos<br>Refez os meus desenhos<br>Trouxe e levou meus medos<\/p>\n<cite>Maria Beth\u00e2nia<\/cite><\/blockquote>\n\n\n\n<p class=\"has-small-font-size\">&#8220;Plantando direitos humanos, cuidando da terra&#8221; \u00e9 uma iniciativa do Il\u00ea Ax\u00e9 Omin Agbara Oluay\u00ea apoiada pela organiza\u00e7\u00e3o &#8220;The Pollination Project&#8221;. <br><br>O projeto tem por objetivo a promo\u00e7\u00e3o do debate clim\u00e1tico junto a povos e comunidades tradicionais de terreiro, conscientizando pessoas de ax\u00e9 sobre o impacto das mudan\u00e7as clim\u00e1ticas em suas comunidades a partir da linguagem pr\u00f3pria das culturas e valores de matrizes africanas. <br><br>A iniciativa consiste em duas a\u00e7\u00f5es principais: uma interven\u00e7\u00e3o ambiental no territ\u00f3rio, com o plantio de \u00e1rvores nativas da mata atl\u00e2ntica e \u00e1rvores de ax\u00e9 na regi\u00e3o; e uma campanha virtual, utilizando o espa\u00e7o das redes para promover o debate em torno de temas como: racismo ambiental; impacto das mudan\u00e7as clim\u00e1ticas para comunidades de terreiro; pol\u00edticas p\u00fablicas e mobiliza\u00e7\u00e3o em torno da causa clim\u00e1tica; formas de aumentar a resili\u00eancia clim\u00e1tica em comunidades perif\u00e9ricas; promo\u00e7\u00e3o do desenvolvimento sustent\u00e1vel a partir de uma perspectiva africana. <br><br>Para acompanhar as atividades do projeto, acompanhe as <a href=\"https:\/\/www.instagram.com\/ileaxeominagbaraoluaye\/\" data-type=\"link\" data-id=\"https:\/\/www.instagram.com\/ileaxeominagbaraoluaye\/\">redes sociais<\/a> do Il\u00ea Ax\u00e9 e as \u00faltimas not\u00edcias em nosso site. Voc\u00ea tamb\u00e9m pode conferir a mat\u00e9ria completa sobre o projeto na p\u00e1gina do <a href=\"https:\/\/thepollinationproject.org\/planting-trees-for-justice-in-brazil\/\" data-type=\"link\" data-id=\"https:\/\/thepollinationproject.org\/planting-trees-for-justice-in-brazil\/\">Pollination Project<\/a>.<br><br>Realiza\u00e7\u00e3o: <br>Il\u00ea Ax\u00e9 Omin Agbara Oluay\u00ea<br><br>Apoio: <br>The Pollination Project<br>Instituto Nova Travessia<\/p>\n","protected":false},"excerpt":{"rendered":"<p>A \u00e1gua me contou muitos segredosGuardou os meus segredosRefez os meus desenhosTrouxe e levou meus medos Maria Beth\u00e2nia &#8220;Plantando direitos humanos, cuidando da terra&#8221; \u00e9 uma iniciativa do Il\u00ea Ax\u00e9 Omin Agbara Oluay\u00ea apoiada pela organiza\u00e7\u00e3o &#8220;The Pollination Project&#8221;. O projeto tem por objetivo a promo\u00e7\u00e3o do debate clim\u00e1tico junto a povos e comunidades tradicionais [&hellip;]<\/p>\n","protected":false},"author":1,"featured_media":0,"parent":0,"menu_order":0,"comment_status":"closed","ping_status":"closed","template":"","meta":{"footnotes":""},"class_list":["post-323","page","type-page","status-publish","hentry"],"_links":{"self":[{"href":"https:\/\/ileaxeominagbaraoluaye.org\/index.php?rest_route=\/wp\/v2\/pages\/323","targetHints":{"allow":["GET"]}}],"collection":[{"href":"https:\/\/ileaxeominagbaraoluaye.org\/index.php?rest_route=\/wp\/v2\/pages"}],"about":[{"href":"https:\/\/ileaxeominagbaraoluaye.org\/index.php?rest_route=\/wp\/v2\/types\/page"}],"author":[{"embeddable":true,"href":"https:\/\/ileaxeominagbaraoluaye.org\/index.php?rest_route=\/wp\/v2\/users\/1"}],"replies":[{"embeddable":true,"href":"https:\/\/ileaxeominagbaraoluaye.org\/index.php?rest_route=%2Fwp%2Fv2%2Fcomments&post=323"}],"version-history":[{"count":3,"href":"https:\/\/ileaxeominagbaraoluaye.org\/index.php?rest_route=\/wp\/v2\/pages\/323\/revisions"}],"predecessor-version":[{"id":408,"href":"https:\/\/ileaxeominagbaraoluaye.org\/index.php?rest_route=\/wp\/v2\/pages\/323\/revisions\/408"}],"wp:attachment":[{"href":"https:\/\/ileaxeominagbaraoluaye.org\/index.php?rest_route=%2Fwp%2Fv2%2Fmedia&parent=323"}],"curies":[{"name":"wp","href":"https:\/\/api.w.org\/{rel}","templated":true}]}}