{"id":382,"date":"2023-10-13T23:46:03","date_gmt":"2023-10-14T02:46:03","guid":{"rendered":"https:\/\/ileaxeominagbaraoluaye.org\/?page_id=382"},"modified":"2023-10-13T23:46:03","modified_gmt":"2023-10-14T02:46:03","slug":"quitanda-do-ere","status":"publish","type":"page","link":"https:\/\/ileaxeominagbaraoluaye.org\/?page_id=382","title":{"rendered":"Quitanda do Er\u00ea"},"content":{"rendered":"\n<figure class=\"wp-block-image size-large\"><img loading=\"lazy\" decoding=\"async\" width=\"1024\" height=\"747\" src=\"http:\/\/ileaxeominagbaraoluaye.org\/wp-content\/uploads\/2023\/10\/IMG_9839-3-1024x747.png\" alt=\"\" class=\"wp-image-246\" srcset=\"https:\/\/ileaxeominagbaraoluaye.org\/wp-content\/uploads\/2023\/10\/IMG_9839-3-1024x747.png 1024w, https:\/\/ileaxeominagbaraoluaye.org\/wp-content\/uploads\/2023\/10\/IMG_9839-3-300x219.png 300w, https:\/\/ileaxeominagbaraoluaye.org\/wp-content\/uploads\/2023\/10\/IMG_9839-3-768x560.png 768w, https:\/\/ileaxeominagbaraoluaye.org\/wp-content\/uploads\/2023\/10\/IMG_9839-3-1536x1121.png 1536w, https:\/\/ileaxeominagbaraoluaye.org\/wp-content\/uploads\/2023\/10\/IMG_9839-3-2048x1494.png 2048w, https:\/\/ileaxeominagbaraoluaye.org\/wp-content\/uploads\/2023\/10\/IMG_9839-3-200x146.png 200w\" sizes=\"auto, (max-width: 1024px) 100vw, 1024px\" \/><\/figure>\n\n\n\n<p class=\"has-small-font-size\">Quitanda, do quimbundo feira, espa\u00e7o de trocas. <br><br>Nos anos de 2021 e 2022, em paralelo \u00e0s celebra\u00e7\u00f5es religiosas em homenagem aos er\u00eas, o Il\u00ea Ax\u00e9 Omin Agbara Oluay\u00ea realizou a\u00e7\u00f5es de distribui\u00e7\u00e3o de cestas b\u00e1sicas, doces, livros e brinquedos para crian\u00e7as, adolescentes e suas fam\u00edlias do bairro de Prados Verdes. A Quitanda de Er\u00ea foi uma das primeiras a\u00e7\u00f5es da comunidade de terreiro com foco na comunidade externa ao Il\u00ea Ax\u00e9, abrindo um canal de contato com o territ\u00f3rio do entorno. No ano de 2022, a a\u00e7\u00e3o contou ainda com uma oficina de leitura e conta\u00e7\u00e3o de hist\u00f3rias da cultura afrobrasileira, al\u00e9m de muitas brincadeiras. <br><br>Em um territ\u00f3rio carente de equipamentos culturais e atividades voltadas ao p\u00fablico infantojuvenil, entendemos a import\u00e2ncia de desenvolvermos atividades para crian\u00e7as em todos os nossos projetos. Nas rodas de conversa com mulheres, nos preocupamos em oferecer oficinas e atividades recreativas \u00e0s crian\u00e7as e adolescentes, como uma forma de garantir \u00e0s m\u00e3es um espa\u00e7o de acolhimento e uma pausa, ainda que breve, no cuidado dos filhos. <br><br>O Il\u00ea Ax\u00e9 Omin Agbara Oluay\u00ea aceita regularmente doa\u00e7\u00f5es de livros, brinquedos e cestas b\u00e1sicas, que s\u00e3o distribu\u00eddas \u00e0 popula\u00e7\u00e3o local. Para saber como fazer uma doa\u00e7\u00e3o desse tipo, clique na aba &#8220;<a href=\"https:\/\/ileaxeominagbaraoluaye.org\/\" data-type=\"link\" data-id=\"https:\/\/ileaxeominagbaraoluaye.org\/\">Seja um doador<\/a>&#8221; em nosso site. <\/p>\n\n\n\n<figure class=\"wp-block-gallery has-nested-images columns-2 is-cropped wp-block-gallery-1 is-layout-flex wp-block-gallery-is-layout-flex\">\n<figure class=\"wp-block-image size-large\"><img loading=\"lazy\" decoding=\"async\" width=\"1024\" height=\"682\" data-id=\"400\" src=\"https:\/\/ileaxeominagbaraoluaye.org\/wp-content\/uploads\/2023\/10\/47dd036e-3683-4d5f-a357-c733047c3745-3-1024x682.jpg\" alt=\"\" class=\"wp-image-400\" srcset=\"https:\/\/ileaxeominagbaraoluaye.org\/wp-content\/uploads\/2023\/10\/47dd036e-3683-4d5f-a357-c733047c3745-3-1024x682.jpg 1024w, https:\/\/ileaxeominagbaraoluaye.org\/wp-content\/uploads\/2023\/10\/47dd036e-3683-4d5f-a357-c733047c3745-3-300x200.jpg 300w, https:\/\/ileaxeominagbaraoluaye.org\/wp-content\/uploads\/2023\/10\/47dd036e-3683-4d5f-a357-c733047c3745-3-768x512.jpg 768w, https:\/\/ileaxeominagbaraoluaye.org\/wp-content\/uploads\/2023\/10\/47dd036e-3683-4d5f-a357-c733047c3745-3-1536x1023.jpg 1536w, https:\/\/ileaxeominagbaraoluaye.org\/wp-content\/uploads\/2023\/10\/47dd036e-3683-4d5f-a357-c733047c3745-3-200x133.jpg 200w, https:\/\/ileaxeominagbaraoluaye.org\/wp-content\/uploads\/2023\/10\/47dd036e-3683-4d5f-a357-c733047c3745-3.jpg 1600w\" sizes=\"auto, (max-width: 1024px) 100vw, 1024px\" \/><\/figure>\n\n\n\n<figure class=\"wp-block-image size-large\"><img loading=\"lazy\" decoding=\"async\" width=\"1024\" height=\"682\" data-id=\"398\" src=\"https:\/\/ileaxeominagbaraoluaye.org\/wp-content\/uploads\/2023\/10\/IMG-20220311-WA0188-1024x682.jpg\" alt=\"\" class=\"wp-image-398\" srcset=\"https:\/\/ileaxeominagbaraoluaye.org\/wp-content\/uploads\/2023\/10\/IMG-20220311-WA0188-1024x682.jpg 1024w, https:\/\/ileaxeominagbaraoluaye.org\/wp-content\/uploads\/2023\/10\/IMG-20220311-WA0188-300x200.jpg 300w, https:\/\/ileaxeominagbaraoluaye.org\/wp-content\/uploads\/2023\/10\/IMG-20220311-WA0188-768x512.jpg 768w, https:\/\/ileaxeominagbaraoluaye.org\/wp-content\/uploads\/2023\/10\/IMG-20220311-WA0188-200x133.jpg 200w, https:\/\/ileaxeominagbaraoluaye.org\/wp-content\/uploads\/2023\/10\/IMG-20220311-WA0188.jpg 1280w\" sizes=\"auto, (max-width: 1024px) 100vw, 1024px\" \/><\/figure>\n\n\n\n<figure class=\"wp-block-image size-large\"><img loading=\"lazy\" decoding=\"async\" width=\"1024\" height=\"682\" data-id=\"394\" src=\"https:\/\/ileaxeominagbaraoluaye.org\/wp-content\/uploads\/2023\/10\/IMG-20220311-WA0197-1024x682.jpg\" alt=\"\" class=\"wp-image-394\" srcset=\"https:\/\/ileaxeominagbaraoluaye.org\/wp-content\/uploads\/2023\/10\/IMG-20220311-WA0197-1024x682.jpg 1024w, https:\/\/ileaxeominagbaraoluaye.org\/wp-content\/uploads\/2023\/10\/IMG-20220311-WA0197-300x200.jpg 300w, https:\/\/ileaxeominagbaraoluaye.org\/wp-content\/uploads\/2023\/10\/IMG-20220311-WA0197-768x512.jpg 768w, https:\/\/ileaxeominagbaraoluaye.org\/wp-content\/uploads\/2023\/10\/IMG-20220311-WA0197-200x133.jpg 200w, https:\/\/ileaxeominagbaraoluaye.org\/wp-content\/uploads\/2023\/10\/IMG-20220311-WA0197.jpg 1280w\" sizes=\"auto, (max-width: 1024px) 100vw, 1024px\" \/><\/figure>\n\n\n\n<figure class=\"wp-block-image size-large\"><img loading=\"lazy\" decoding=\"async\" width=\"1024\" height=\"683\" data-id=\"397\" src=\"https:\/\/ileaxeominagbaraoluaye.org\/wp-content\/uploads\/2023\/10\/IMG-20220311-WA0189-1-1024x683.jpg\" alt=\"\" class=\"wp-image-397\" srcset=\"https:\/\/ileaxeominagbaraoluaye.org\/wp-content\/uploads\/2023\/10\/IMG-20220311-WA0189-1-1024x683.jpg 1024w, https:\/\/ileaxeominagbaraoluaye.org\/wp-content\/uploads\/2023\/10\/IMG-20220311-WA0189-1-300x200.jpg 300w, https:\/\/ileaxeominagbaraoluaye.org\/wp-content\/uploads\/2023\/10\/IMG-20220311-WA0189-1-768x512.jpg 768w, https:\/\/ileaxeominagbaraoluaye.org\/wp-content\/uploads\/2023\/10\/IMG-20220311-WA0189-1-1536x1024.jpg 1536w, https:\/\/ileaxeominagbaraoluaye.org\/wp-content\/uploads\/2023\/10\/IMG-20220311-WA0189-1-200x133.jpg 200w, https:\/\/ileaxeominagbaraoluaye.org\/wp-content\/uploads\/2023\/10\/IMG-20220311-WA0189-1.jpg 1599w\" sizes=\"auto, (max-width: 1024px) 100vw, 1024px\" \/><\/figure>\n\n\n\n<figure class=\"wp-block-image size-large\"><img loading=\"lazy\" decoding=\"async\" width=\"1024\" height=\"682\" data-id=\"396\" src=\"https:\/\/ileaxeominagbaraoluaye.org\/wp-content\/uploads\/2023\/10\/IMG-20220311-WA0191-2-1024x682.jpg\" alt=\"\" class=\"wp-image-396\" srcset=\"https:\/\/ileaxeominagbaraoluaye.org\/wp-content\/uploads\/2023\/10\/IMG-20220311-WA0191-2-1024x682.jpg 1024w, https:\/\/ileaxeominagbaraoluaye.org\/wp-content\/uploads\/2023\/10\/IMG-20220311-WA0191-2-300x200.jpg 300w, https:\/\/ileaxeominagbaraoluaye.org\/wp-content\/uploads\/2023\/10\/IMG-20220311-WA0191-2-768x512.jpg 768w, https:\/\/ileaxeominagbaraoluaye.org\/wp-content\/uploads\/2023\/10\/IMG-20220311-WA0191-2-200x133.jpg 200w, https:\/\/ileaxeominagbaraoluaye.org\/wp-content\/uploads\/2023\/10\/IMG-20220311-WA0191-2.jpg 1280w\" sizes=\"auto, (max-width: 1024px) 100vw, 1024px\" \/><\/figure>\n\n\n\n<figure class=\"wp-block-image size-large\"><img loading=\"lazy\" decoding=\"async\" width=\"683\" height=\"1024\" data-id=\"395\" src=\"https:\/\/ileaxeominagbaraoluaye.org\/wp-content\/uploads\/2023\/10\/IMG-20220311-WA0198-683x1024.jpg\" alt=\"\" class=\"wp-image-395\" srcset=\"https:\/\/ileaxeominagbaraoluaye.org\/wp-content\/uploads\/2023\/10\/IMG-20220311-WA0198-683x1024.jpg 683w, https:\/\/ileaxeominagbaraoluaye.org\/wp-content\/uploads\/2023\/10\/IMG-20220311-WA0198-200x300.jpg 200w, https:\/\/ileaxeominagbaraoluaye.org\/wp-content\/uploads\/2023\/10\/IMG-20220311-WA0198-768x1152.jpg 768w, https:\/\/ileaxeominagbaraoluaye.org\/wp-content\/uploads\/2023\/10\/IMG-20220311-WA0198-1024x1536.jpg 1024w, https:\/\/ileaxeominagbaraoluaye.org\/wp-content\/uploads\/2023\/10\/IMG-20220311-WA0198.jpg 1066w\" sizes=\"auto, (max-width: 683px) 100vw, 683px\" \/><\/figure>\n\n\n\n<figure class=\"wp-block-image size-large\"><img loading=\"lazy\" decoding=\"async\" width=\"1024\" height=\"683\" data-id=\"393\" src=\"https:\/\/ileaxeominagbaraoluaye.org\/wp-content\/uploads\/2023\/10\/IMG-20220311-WA0203-1-1024x683.jpg\" alt=\"\" class=\"wp-image-393\" srcset=\"https:\/\/ileaxeominagbaraoluaye.org\/wp-content\/uploads\/2023\/10\/IMG-20220311-WA0203-1-1024x683.jpg 1024w, https:\/\/ileaxeominagbaraoluaye.org\/wp-content\/uploads\/2023\/10\/IMG-20220311-WA0203-1-300x200.jpg 300w, https:\/\/ileaxeominagbaraoluaye.org\/wp-content\/uploads\/2023\/10\/IMG-20220311-WA0203-1-768x512.jpg 768w, https:\/\/ileaxeominagbaraoluaye.org\/wp-content\/uploads\/2023\/10\/IMG-20220311-WA0203-1-1536x1024.jpg 1536w, https:\/\/ileaxeominagbaraoluaye.org\/wp-content\/uploads\/2023\/10\/IMG-20220311-WA0203-1-200x133.jpg 200w, https:\/\/ileaxeominagbaraoluaye.org\/wp-content\/uploads\/2023\/10\/IMG-20220311-WA0203-1.jpg 1599w\" sizes=\"auto, (max-width: 1024px) 100vw, 1024px\" \/><\/figure>\n\n\n\n<figure class=\"wp-block-image size-large\"><img loading=\"lazy\" decoding=\"async\" width=\"987\" height=\"658\" data-id=\"399\" src=\"https:\/\/ileaxeominagbaraoluaye.org\/wp-content\/uploads\/2023\/10\/37351876-83df-45a7-b027-761b265a44ad.jpg\" alt=\"\" class=\"wp-image-399\" srcset=\"https:\/\/ileaxeominagbaraoluaye.org\/wp-content\/uploads\/2023\/10\/37351876-83df-45a7-b027-761b265a44ad.jpg 987w, https:\/\/ileaxeominagbaraoluaye.org\/wp-content\/uploads\/2023\/10\/37351876-83df-45a7-b027-761b265a44ad-300x200.jpg 300w, https:\/\/ileaxeominagbaraoluaye.org\/wp-content\/uploads\/2023\/10\/37351876-83df-45a7-b027-761b265a44ad-768x512.jpg 768w, https:\/\/ileaxeominagbaraoluaye.org\/wp-content\/uploads\/2023\/10\/37351876-83df-45a7-b027-761b265a44ad-200x133.jpg 200w\" sizes=\"auto, (max-width: 987px) 100vw, 987px\" \/><\/figure>\n\n\n\n<figure class=\"wp-block-image size-large\"><img loading=\"lazy\" decoding=\"async\" width=\"683\" height=\"1024\" data-id=\"392\" src=\"https:\/\/ileaxeominagbaraoluaye.org\/wp-content\/uploads\/2023\/10\/IMG-20220311-WA0207-683x1024.jpg\" alt=\"\" class=\"wp-image-392\" srcset=\"https:\/\/ileaxeominagbaraoluaye.org\/wp-content\/uploads\/2023\/10\/IMG-20220311-WA0207-683x1024.jpg 683w, https:\/\/ileaxeominagbaraoluaye.org\/wp-content\/uploads\/2023\/10\/IMG-20220311-WA0207-200x300.jpg 200w, https:\/\/ileaxeominagbaraoluaye.org\/wp-content\/uploads\/2023\/10\/IMG-20220311-WA0207-768x1152.jpg 768w, https:\/\/ileaxeominagbaraoluaye.org\/wp-content\/uploads\/2023\/10\/IMG-20220311-WA0207-1024x1536.jpg 1024w, https:\/\/ileaxeominagbaraoluaye.org\/wp-content\/uploads\/2023\/10\/IMG-20220311-WA0207.jpg 1066w\" sizes=\"auto, (max-width: 683px) 100vw, 683px\" \/><\/figure>\n\n\n\n<figure class=\"wp-block-image size-large\"><img loading=\"lazy\" decoding=\"async\" width=\"1024\" height=\"683\" data-id=\"391\" src=\"https:\/\/ileaxeominagbaraoluaye.org\/wp-content\/uploads\/2023\/10\/IMG-20220311-WA0216-1024x683.jpg\" alt=\"\" class=\"wp-image-391\" srcset=\"https:\/\/ileaxeominagbaraoluaye.org\/wp-content\/uploads\/2023\/10\/IMG-20220311-WA0216-1024x683.jpg 1024w, https:\/\/ileaxeominagbaraoluaye.org\/wp-content\/uploads\/2023\/10\/IMG-20220311-WA0216-300x200.jpg 300w, https:\/\/ileaxeominagbaraoluaye.org\/wp-content\/uploads\/2023\/10\/IMG-20220311-WA0216-768x512.jpg 768w, https:\/\/ileaxeominagbaraoluaye.org\/wp-content\/uploads\/2023\/10\/IMG-20220311-WA0216-1536x1024.jpg 1536w, https:\/\/ileaxeominagbaraoluaye.org\/wp-content\/uploads\/2023\/10\/IMG-20220311-WA0216-200x133.jpg 200w, https:\/\/ileaxeominagbaraoluaye.org\/wp-content\/uploads\/2023\/10\/IMG-20220311-WA0216.jpg 1599w\" sizes=\"auto, (max-width: 1024px) 100vw, 1024px\" \/><\/figure>\n\n\n\n<figure class=\"wp-block-image size-large\"><img loading=\"lazy\" decoding=\"async\" width=\"1024\" height=\"682\" data-id=\"390\" src=\"https:\/\/ileaxeominagbaraoluaye.org\/wp-content\/uploads\/2023\/10\/IMG-20220311-WA0234-4-1024x682.jpg\" alt=\"\" class=\"wp-image-390\" srcset=\"https:\/\/ileaxeominagbaraoluaye.org\/wp-content\/uploads\/2023\/10\/IMG-20220311-WA0234-4-1024x682.jpg 1024w, https:\/\/ileaxeominagbaraoluaye.org\/wp-content\/uploads\/2023\/10\/IMG-20220311-WA0234-4-300x200.jpg 300w, https:\/\/ileaxeominagbaraoluaye.org\/wp-content\/uploads\/2023\/10\/IMG-20220311-WA0234-4-768x512.jpg 768w, https:\/\/ileaxeominagbaraoluaye.org\/wp-content\/uploads\/2023\/10\/IMG-20220311-WA0234-4-200x133.jpg 200w, https:\/\/ileaxeominagbaraoluaye.org\/wp-content\/uploads\/2023\/10\/IMG-20220311-WA0234-4.jpg 1280w\" sizes=\"auto, (max-width: 1024px) 100vw, 1024px\" \/><\/figure>\n\n\n\n<figure class=\"wp-block-image size-large\"><img loading=\"lazy\" decoding=\"async\" width=\"1024\" height=\"683\" data-id=\"389\" src=\"https:\/\/ileaxeominagbaraoluaye.org\/wp-content\/uploads\/2023\/10\/IMG-20220311-WA0233-2-1024x683.jpg\" alt=\"\" class=\"wp-image-389\" srcset=\"https:\/\/ileaxeominagbaraoluaye.org\/wp-content\/uploads\/2023\/10\/IMG-20220311-WA0233-2-1024x683.jpg 1024w, https:\/\/ileaxeominagbaraoluaye.org\/wp-content\/uploads\/2023\/10\/IMG-20220311-WA0233-2-300x200.jpg 300w, https:\/\/ileaxeominagbaraoluaye.org\/wp-content\/uploads\/2023\/10\/IMG-20220311-WA0233-2-768x512.jpg 768w, https:\/\/ileaxeominagbaraoluaye.org\/wp-content\/uploads\/2023\/10\/IMG-20220311-WA0233-2-1536x1024.jpg 1536w, https:\/\/ileaxeominagbaraoluaye.org\/wp-content\/uploads\/2023\/10\/IMG-20220311-WA0233-2-200x133.jpg 200w, https:\/\/ileaxeominagbaraoluaye.org\/wp-content\/uploads\/2023\/10\/IMG-20220311-WA0233-2.jpg 1599w\" sizes=\"auto, (max-width: 1024px) 100vw, 1024px\" \/><\/figure>\n\n\n\n<figure class=\"wp-block-image size-large\"><img loading=\"lazy\" decoding=\"async\" width=\"683\" height=\"1024\" data-id=\"388\" src=\"https:\/\/ileaxeominagbaraoluaye.org\/wp-content\/uploads\/2023\/10\/IMG-20220311-WA0228-683x1024.jpg\" alt=\"\" class=\"wp-image-388\" srcset=\"https:\/\/ileaxeominagbaraoluaye.org\/wp-content\/uploads\/2023\/10\/IMG-20220311-WA0228-683x1024.jpg 683w, https:\/\/ileaxeominagbaraoluaye.org\/wp-content\/uploads\/2023\/10\/IMG-20220311-WA0228-200x300.jpg 200w, https:\/\/ileaxeominagbaraoluaye.org\/wp-content\/uploads\/2023\/10\/IMG-20220311-WA0228-768x1152.jpg 768w, https:\/\/ileaxeominagbaraoluaye.org\/wp-content\/uploads\/2023\/10\/IMG-20220311-WA0228-1024x1536.jpg 1024w, https:\/\/ileaxeominagbaraoluaye.org\/wp-content\/uploads\/2023\/10\/IMG-20220311-WA0228.jpg 1066w\" sizes=\"auto, (max-width: 683px) 100vw, 683px\" \/><\/figure>\n\n\n\n<figure class=\"wp-block-image size-large\"><img loading=\"lazy\" decoding=\"async\" width=\"1024\" height=\"682\" data-id=\"387\" src=\"https:\/\/ileaxeominagbaraoluaye.org\/wp-content\/uploads\/2023\/10\/IMG-20220311-WA0237-2-1024x682.jpg\" alt=\"\" class=\"wp-image-387\" srcset=\"https:\/\/ileaxeominagbaraoluaye.org\/wp-content\/uploads\/2023\/10\/IMG-20220311-WA0237-2-1024x682.jpg 1024w, https:\/\/ileaxeominagbaraoluaye.org\/wp-content\/uploads\/2023\/10\/IMG-20220311-WA0237-2-300x200.jpg 300w, https:\/\/ileaxeominagbaraoluaye.org\/wp-content\/uploads\/2023\/10\/IMG-20220311-WA0237-2-768x512.jpg 768w, https:\/\/ileaxeominagbaraoluaye.org\/wp-content\/uploads\/2023\/10\/IMG-20220311-WA0237-2-200x133.jpg 200w, https:\/\/ileaxeominagbaraoluaye.org\/wp-content\/uploads\/2023\/10\/IMG-20220311-WA0237-2.jpg 1280w\" sizes=\"auto, (max-width: 1024px) 100vw, 1024px\" \/><\/figure>\n\n\n\n<figure class=\"wp-block-image size-large\"><img loading=\"lazy\" decoding=\"async\" width=\"1024\" height=\"682\" data-id=\"386\" src=\"https:\/\/ileaxeominagbaraoluaye.org\/wp-content\/uploads\/2023\/10\/IMG-20220311-WA0249-1-1024x682.jpg\" alt=\"\" class=\"wp-image-386\" srcset=\"https:\/\/ileaxeominagbaraoluaye.org\/wp-content\/uploads\/2023\/10\/IMG-20220311-WA0249-1-1024x682.jpg 1024w, https:\/\/ileaxeominagbaraoluaye.org\/wp-content\/uploads\/2023\/10\/IMG-20220311-WA0249-1-300x200.jpg 300w, https:\/\/ileaxeominagbaraoluaye.org\/wp-content\/uploads\/2023\/10\/IMG-20220311-WA0249-1-768x512.jpg 768w, https:\/\/ileaxeominagbaraoluaye.org\/wp-content\/uploads\/2023\/10\/IMG-20220311-WA0249-1-200x133.jpg 200w, https:\/\/ileaxeominagbaraoluaye.org\/wp-content\/uploads\/2023\/10\/IMG-20220311-WA0249-1.jpg 1280w\" sizes=\"auto, (max-width: 1024px) 100vw, 1024px\" \/><\/figure>\n\n\n\n<figure class=\"wp-block-image size-large\"><img loading=\"lazy\" decoding=\"async\" width=\"1024\" height=\"683\" data-id=\"385\" src=\"https:\/\/ileaxeominagbaraoluaye.org\/wp-content\/uploads\/2023\/10\/IMG-20220311-WA0280-1024x683.jpg\" alt=\"\" class=\"wp-image-385\" srcset=\"https:\/\/ileaxeominagbaraoluaye.org\/wp-content\/uploads\/2023\/10\/IMG-20220311-WA0280-1024x683.jpg 1024w, https:\/\/ileaxeominagbaraoluaye.org\/wp-content\/uploads\/2023\/10\/IMG-20220311-WA0280-300x200.jpg 300w, https:\/\/ileaxeominagbaraoluaye.org\/wp-content\/uploads\/2023\/10\/IMG-20220311-WA0280-768x512.jpg 768w, https:\/\/ileaxeominagbaraoluaye.org\/wp-content\/uploads\/2023\/10\/IMG-20220311-WA0280-1536x1024.jpg 1536w, https:\/\/ileaxeominagbaraoluaye.org\/wp-content\/uploads\/2023\/10\/IMG-20220311-WA0280-200x133.jpg 200w, https:\/\/ileaxeominagbaraoluaye.org\/wp-content\/uploads\/2023\/10\/IMG-20220311-WA0280.jpg 1599w\" sizes=\"auto, (max-width: 1024px) 100vw, 1024px\" \/><\/figure>\n\n\n\n<figure class=\"wp-block-image size-large\"><img loading=\"lazy\" decoding=\"async\" width=\"1024\" height=\"683\" data-id=\"384\" src=\"https:\/\/ileaxeominagbaraoluaye.org\/wp-content\/uploads\/2023\/10\/IMG-20220311-WA0277-1024x683.jpg\" alt=\"\" class=\"wp-image-384\" srcset=\"https:\/\/ileaxeominagbaraoluaye.org\/wp-content\/uploads\/2023\/10\/IMG-20220311-WA0277-1024x683.jpg 1024w, https:\/\/ileaxeominagbaraoluaye.org\/wp-content\/uploads\/2023\/10\/IMG-20220311-WA0277-300x200.jpg 300w, https:\/\/ileaxeominagbaraoluaye.org\/wp-content\/uploads\/2023\/10\/IMG-20220311-WA0277-768x512.jpg 768w, https:\/\/ileaxeominagbaraoluaye.org\/wp-content\/uploads\/2023\/10\/IMG-20220311-WA0277-1536x1024.jpg 1536w, https:\/\/ileaxeominagbaraoluaye.org\/wp-content\/uploads\/2023\/10\/IMG-20220311-WA0277-200x133.jpg 200w, https:\/\/ileaxeominagbaraoluaye.org\/wp-content\/uploads\/2023\/10\/IMG-20220311-WA0277.jpg 1599w\" sizes=\"auto, (max-width: 1024px) 100vw, 1024px\" \/><\/figure>\n\n\n\n<figure class=\"wp-block-image size-large\"><img loading=\"lazy\" decoding=\"async\" width=\"683\" height=\"1024\" data-id=\"383\" src=\"https:\/\/ileaxeominagbaraoluaye.org\/wp-content\/uploads\/2023\/10\/IMG-20220311-WA0292-683x1024.jpg\" alt=\"\" class=\"wp-image-383\" srcset=\"https:\/\/ileaxeominagbaraoluaye.org\/wp-content\/uploads\/2023\/10\/IMG-20220311-WA0292-683x1024.jpg 683w, https:\/\/ileaxeominagbaraoluaye.org\/wp-content\/uploads\/2023\/10\/IMG-20220311-WA0292-200x300.jpg 200w, https:\/\/ileaxeominagbaraoluaye.org\/wp-content\/uploads\/2023\/10\/IMG-20220311-WA0292-768x1152.jpg 768w, https:\/\/ileaxeominagbaraoluaye.org\/wp-content\/uploads\/2023\/10\/IMG-20220311-WA0292-1024x1536.jpg 1024w, https:\/\/ileaxeominagbaraoluaye.org\/wp-content\/uploads\/2023\/10\/IMG-20220311-WA0292.jpg 1066w\" sizes=\"auto, (max-width: 683px) 100vw, 683px\" \/><\/figure>\n\n\n\n<figure class=\"wp-block-image size-large\"><img loading=\"lazy\" decoding=\"async\" width=\"1024\" height=\"683\" data-id=\"349\" src=\"https:\/\/ileaxeominagbaraoluaye.org\/wp-content\/uploads\/2023\/10\/IMG_9836-1-1024x683.png\" alt=\"\" class=\"wp-image-349\" srcset=\"https:\/\/ileaxeominagbaraoluaye.org\/wp-content\/uploads\/2023\/10\/IMG_9836-1-1024x683.png 1024w, https:\/\/ileaxeominagbaraoluaye.org\/wp-content\/uploads\/2023\/10\/IMG_9836-1-300x200.png 300w, https:\/\/ileaxeominagbaraoluaye.org\/wp-content\/uploads\/2023\/10\/IMG_9836-1-768x512.png 768w, https:\/\/ileaxeominagbaraoluaye.org\/wp-content\/uploads\/2023\/10\/IMG_9836-1-1536x1024.png 1536w, https:\/\/ileaxeominagbaraoluaye.org\/wp-content\/uploads\/2023\/10\/IMG_9836-1-2048x1365.png 2048w, https:\/\/ileaxeominagbaraoluaye.org\/wp-content\/uploads\/2023\/10\/IMG_9836-1-200x133.png 200w\" sizes=\"auto, (max-width: 1024px) 100vw, 1024px\" \/><\/figure>\n\n\n\n<figure class=\"wp-block-image size-large\"><img loading=\"lazy\" decoding=\"async\" width=\"1024\" height=\"683\" data-id=\"352\" src=\"https:\/\/ileaxeominagbaraoluaye.org\/wp-content\/uploads\/2023\/10\/IMG_9795-2-1024x683.png\" alt=\"\" class=\"wp-image-352\" srcset=\"https:\/\/ileaxeominagbaraoluaye.org\/wp-content\/uploads\/2023\/10\/IMG_9795-2-1024x683.png 1024w, https:\/\/ileaxeominagbaraoluaye.org\/wp-content\/uploads\/2023\/10\/IMG_9795-2-300x200.png 300w, https:\/\/ileaxeominagbaraoluaye.org\/wp-content\/uploads\/2023\/10\/IMG_9795-2-768x512.png 768w, https:\/\/ileaxeominagbaraoluaye.org\/wp-content\/uploads\/2023\/10\/IMG_9795-2-1536x1024.png 1536w, https:\/\/ileaxeominagbaraoluaye.org\/wp-content\/uploads\/2023\/10\/IMG_9795-2-2048x1365.png 2048w, https:\/\/ileaxeominagbaraoluaye.org\/wp-content\/uploads\/2023\/10\/IMG_9795-2-200x133.png 200w\" sizes=\"auto, (max-width: 1024px) 100vw, 1024px\" \/><\/figure>\n\n\n\n<figure class=\"wp-block-image size-large\"><img loading=\"lazy\" decoding=\"async\" width=\"1024\" height=\"683\" data-id=\"347\" src=\"https:\/\/ileaxeominagbaraoluaye.org\/wp-content\/uploads\/2023\/10\/IMG_9855-1024x683.png\" alt=\"\" class=\"wp-image-347\" srcset=\"https:\/\/ileaxeominagbaraoluaye.org\/wp-content\/uploads\/2023\/10\/IMG_9855-1024x683.png 1024w, https:\/\/ileaxeominagbaraoluaye.org\/wp-content\/uploads\/2023\/10\/IMG_9855-300x200.png 300w, https:\/\/ileaxeominagbaraoluaye.org\/wp-content\/uploads\/2023\/10\/IMG_9855-768x512.png 768w, https:\/\/ileaxeominagbaraoluaye.org\/wp-content\/uploads\/2023\/10\/IMG_9855-1536x1024.png 1536w, https:\/\/ileaxeominagbaraoluaye.org\/wp-content\/uploads\/2023\/10\/IMG_9855-2048x1365.png 2048w, https:\/\/ileaxeominagbaraoluaye.org\/wp-content\/uploads\/2023\/10\/IMG_9855-200x133.png 200w\" sizes=\"auto, (max-width: 1024px) 100vw, 1024px\" \/><\/figure>\n\n\n\n<figure class=\"wp-block-image size-large\"><img loading=\"lazy\" decoding=\"async\" width=\"1024\" height=\"682\" data-id=\"319\" src=\"https:\/\/ileaxeominagbaraoluaye.org\/wp-content\/uploads\/2023\/10\/dce16241-4a6c-4071-b501-9c04725fa73b-1024x682.jpg\" alt=\"\" class=\"wp-image-319\" srcset=\"https:\/\/ileaxeominagbaraoluaye.org\/wp-content\/uploads\/2023\/10\/dce16241-4a6c-4071-b501-9c04725fa73b-1024x682.jpg 1024w, https:\/\/ileaxeominagbaraoluaye.org\/wp-content\/uploads\/2023\/10\/dce16241-4a6c-4071-b501-9c04725fa73b-300x200.jpg 300w, https:\/\/ileaxeominagbaraoluaye.org\/wp-content\/uploads\/2023\/10\/dce16241-4a6c-4071-b501-9c04725fa73b-768x512.jpg 768w, https:\/\/ileaxeominagbaraoluaye.org\/wp-content\/uploads\/2023\/10\/dce16241-4a6c-4071-b501-9c04725fa73b-200x133.jpg 200w, https:\/\/ileaxeominagbaraoluaye.org\/wp-content\/uploads\/2023\/10\/dce16241-4a6c-4071-b501-9c04725fa73b.jpg 1280w\" sizes=\"auto, (max-width: 1024px) 100vw, 1024px\" \/><\/figure>\n\n\n\n<figure class=\"wp-block-image size-large\"><img loading=\"lazy\" decoding=\"async\" width=\"1024\" height=\"683\" data-id=\"252\" src=\"https:\/\/ileaxeominagbaraoluaye.org\/wp-content\/uploads\/2023\/10\/IMG_0118-3-1024x683.png\" alt=\"\" class=\"wp-image-252\" srcset=\"https:\/\/ileaxeominagbaraoluaye.org\/wp-content\/uploads\/2023\/10\/IMG_0118-3-1024x683.png 1024w, https:\/\/ileaxeominagbaraoluaye.org\/wp-content\/uploads\/2023\/10\/IMG_0118-3-300x200.png 300w, https:\/\/ileaxeominagbaraoluaye.org\/wp-content\/uploads\/2023\/10\/IMG_0118-3-768x512.png 768w, https:\/\/ileaxeominagbaraoluaye.org\/wp-content\/uploads\/2023\/10\/IMG_0118-3-1536x1024.png 1536w, https:\/\/ileaxeominagbaraoluaye.org\/wp-content\/uploads\/2023\/10\/IMG_0118-3-2048x1365.png 2048w, https:\/\/ileaxeominagbaraoluaye.org\/wp-content\/uploads\/2023\/10\/IMG_0118-3-200x133.png 200w\" sizes=\"auto, (max-width: 1024px) 100vw, 1024px\" \/><\/figure>\n\n\n\n<figure class=\"wp-block-image size-large\"><img loading=\"lazy\" decoding=\"async\" width=\"1024\" height=\"682\" data-id=\"73\" src=\"https:\/\/ileaxeominagbaraoluaye.org\/wp-content\/uploads\/2023\/10\/d12f7cf2-8585-49ed-a2b1-18970ffe7f7d-2-1024x682.jpg\" alt=\"\" class=\"wp-image-73\" srcset=\"https:\/\/ileaxeominagbaraoluaye.org\/wp-content\/uploads\/2023\/10\/d12f7cf2-8585-49ed-a2b1-18970ffe7f7d-2-1024x682.jpg 1024w, https:\/\/ileaxeominagbaraoluaye.org\/wp-content\/uploads\/2023\/10\/d12f7cf2-8585-49ed-a2b1-18970ffe7f7d-2-300x200.jpg 300w, https:\/\/ileaxeominagbaraoluaye.org\/wp-content\/uploads\/2023\/10\/d12f7cf2-8585-49ed-a2b1-18970ffe7f7d-2-768x512.jpg 768w, https:\/\/ileaxeominagbaraoluaye.org\/wp-content\/uploads\/2023\/10\/d12f7cf2-8585-49ed-a2b1-18970ffe7f7d-2.jpg 1280w\" sizes=\"auto, (max-width: 1024px) 100vw, 1024px\" \/><\/figure>\n<\/figure>\n","protected":false},"excerpt":{"rendered":"<p>Quitanda, do quimbundo feira, espa\u00e7o de trocas. Nos anos de 2021 e 2022, em paralelo \u00e0s celebra\u00e7\u00f5es religiosas em homenagem aos er\u00eas, o Il\u00ea Ax\u00e9 Omin Agbara Oluay\u00ea realizou a\u00e7\u00f5es de distribui\u00e7\u00e3o de cestas b\u00e1sicas, doces, livros e brinquedos para crian\u00e7as, adolescentes e suas fam\u00edlias do bairro de Prados Verdes. A Quitanda de Er\u00ea foi [&hellip;]<\/p>\n","protected":false},"author":1,"featured_media":0,"parent":0,"menu_order":0,"comment_status":"closed","ping_status":"closed","template":"","meta":{"footnotes":""},"class_list":["post-382","page","type-page","status-publish","hentry"],"_links":{"self":[{"href":"https:\/\/ileaxeominagbaraoluaye.org\/index.php?rest_route=\/wp\/v2\/pages\/382","targetHints":{"allow":["GET"]}}],"collection":[{"href":"https:\/\/ileaxeominagbaraoluaye.org\/index.php?rest_route=\/wp\/v2\/pages"}],"about":[{"href":"https:\/\/ileaxeominagbaraoluaye.org\/index.php?rest_route=\/wp\/v2\/types\/page"}],"author":[{"embeddable":true,"href":"https:\/\/ileaxeominagbaraoluaye.org\/index.php?rest_route=\/wp\/v2\/users\/1"}],"replies":[{"embeddable":true,"href":"https:\/\/ileaxeominagbaraoluaye.org\/index.php?rest_route=%2Fwp%2Fv2%2Fcomments&post=382"}],"version-history":[{"count":1,"href":"https:\/\/ileaxeominagbaraoluaye.org\/index.php?rest_route=\/wp\/v2\/pages\/382\/revisions"}],"predecessor-version":[{"id":401,"href":"https:\/\/ileaxeominagbaraoluaye.org\/index.php?rest_route=\/wp\/v2\/pages\/382\/revisions\/401"}],"wp:attachment":[{"href":"https:\/\/ileaxeominagbaraoluaye.org\/index.php?rest_route=%2Fwp%2Fv2%2Fmedia&parent=382"}],"curies":[{"name":"wp","href":"https:\/\/api.w.org\/{rel}","templated":true}]}}