{"id":6,"date":"2023-09-18T10:36:55","date_gmt":"2023-09-18T13:36:55","guid":{"rendered":"https:\/\/ileaxeominagbaraoluaye.org\/?page_id=6"},"modified":"2023-10-13T23:46:57","modified_gmt":"2023-10-14T02:46:57","slug":"projetos","status":"publish","type":"page","link":"https:\/\/ileaxeominagbaraoluaye.org\/?page_id=6","title":{"rendered":"Projetos"},"content":{"rendered":"\n<p class=\"has-medium-font-size\">Nossa comunidade desenvolve a\u00e7\u00f5es sociais e culturais desde sua funda\u00e7\u00e3o, sempre com o desejo de impactar positivamente nosso territ\u00f3rio a partir da difus\u00e3o e preserva\u00e7\u00e3o de valores e pr\u00e1ticas de matrizes africanas. Clique nas imagens para saber mais sobre cada um de nossos projetos<\/p>\n\n\n\n<div class=\"wp-block-columns is-layout-flex wp-container-core-columns-is-layout-28f84493 wp-block-columns-is-layout-flex\">\n<div class=\"wp-block-column is-layout-flow wp-block-column-is-layout-flow\">\n<figure class=\"wp-block-image size-full is-style-rounded\"><a href=\"https:\/\/ileaxeominagbaraoluaye.org\/?page_id=93\" target=\"_blank\" rel=\"noreferrer noopener\"><img loading=\"lazy\" decoding=\"async\" width=\"2560\" height=\"1707\" src=\"https:\/\/ileaxeominagbaraoluaye.org\/wp-content\/uploads\/2023\/10\/20220703-IMG_5997-2-scaled.jpg\" alt=\"\" class=\"wp-image-63\" style=\"aspect-ratio:1;object-fit:cover\" srcset=\"https:\/\/ileaxeominagbaraoluaye.org\/wp-content\/uploads\/2023\/10\/20220703-IMG_5997-2-scaled.jpg 2560w, https:\/\/ileaxeominagbaraoluaye.org\/wp-content\/uploads\/2023\/10\/20220703-IMG_5997-2-300x200.jpg 300w, https:\/\/ileaxeominagbaraoluaye.org\/wp-content\/uploads\/2023\/10\/20220703-IMG_5997-2-1024x683.jpg 1024w, https:\/\/ileaxeominagbaraoluaye.org\/wp-content\/uploads\/2023\/10\/20220703-IMG_5997-2-768x512.jpg 768w, https:\/\/ileaxeominagbaraoluaye.org\/wp-content\/uploads\/2023\/10\/20220703-IMG_5997-2-1536x1024.jpg 1536w, https:\/\/ileaxeominagbaraoluaye.org\/wp-content\/uploads\/2023\/10\/20220703-IMG_5997-2-2048x1365.jpg 2048w\" sizes=\"auto, (max-width: 2560px) 100vw, 2560px\" \/><\/a><\/figure>\n\n\n\n<p class=\"has-text-align-center has-medium-font-size\">Kosi Ew\u00e9, Kosi Oris\u00e1<\/p>\n\n\n\n<figure class=\"wp-block-image size-full is-style-rounded\"><a href=\"https:\/\/ileaxeominagbaraoluaye.org\/?page_id=323\" target=\"_blank\" rel=\"noreferrer noopener\"><img loading=\"lazy\" decoding=\"async\" width=\"1707\" height=\"2560\" src=\"https:\/\/ileaxeominagbaraoluaye.org\/wp-content\/uploads\/2023\/10\/20220911-IMG_7448-1-scaled.jpg\" alt=\"\" class=\"wp-image-71\" style=\"aspect-ratio:1;object-fit:cover\" srcset=\"https:\/\/ileaxeominagbaraoluaye.org\/wp-content\/uploads\/2023\/10\/20220911-IMG_7448-1-scaled.jpg 1707w, https:\/\/ileaxeominagbaraoluaye.org\/wp-content\/uploads\/2023\/10\/20220911-IMG_7448-1-200x300.jpg 200w, https:\/\/ileaxeominagbaraoluaye.org\/wp-content\/uploads\/2023\/10\/20220911-IMG_7448-1-683x1024.jpg 683w, https:\/\/ileaxeominagbaraoluaye.org\/wp-content\/uploads\/2023\/10\/20220911-IMG_7448-1-768x1152.jpg 768w, https:\/\/ileaxeominagbaraoluaye.org\/wp-content\/uploads\/2023\/10\/20220911-IMG_7448-1-1024x1536.jpg 1024w, https:\/\/ileaxeominagbaraoluaye.org\/wp-content\/uploads\/2023\/10\/20220911-IMG_7448-1-1365x2048.jpg 1365w\" sizes=\"auto, (max-width: 1707px) 100vw, 1707px\" \/><\/a><\/figure>\n\n\n\n<p class=\"has-text-align-center has-medium-font-size\">Plantando direitos humanos,<br>cuidando da terra<\/p>\n\n\n\n<figure class=\"wp-block-image size-full is-style-rounded\"><a href=\"https:\/\/ileaxeominagbaraoluaye.org\/?page_id=336\" target=\"_blank\" rel=\"noreferrer noopener\"><img loading=\"lazy\" decoding=\"async\" width=\"2560\" height=\"1707\" src=\"https:\/\/ileaxeominagbaraoluaye.org\/wp-content\/uploads\/2023\/10\/20220703-IMG_6494-4-scaled.jpg\" alt=\"\" class=\"wp-image-65\" style=\"aspect-ratio:1;object-fit:cover\" srcset=\"https:\/\/ileaxeominagbaraoluaye.org\/wp-content\/uploads\/2023\/10\/20220703-IMG_6494-4-scaled.jpg 2560w, https:\/\/ileaxeominagbaraoluaye.org\/wp-content\/uploads\/2023\/10\/20220703-IMG_6494-4-300x200.jpg 300w, https:\/\/ileaxeominagbaraoluaye.org\/wp-content\/uploads\/2023\/10\/20220703-IMG_6494-4-1024x683.jpg 1024w, https:\/\/ileaxeominagbaraoluaye.org\/wp-content\/uploads\/2023\/10\/20220703-IMG_6494-4-768x512.jpg 768w, https:\/\/ileaxeominagbaraoluaye.org\/wp-content\/uploads\/2023\/10\/20220703-IMG_6494-4-1536x1024.jpg 1536w, https:\/\/ileaxeominagbaraoluaye.org\/wp-content\/uploads\/2023\/10\/20220703-IMG_6494-4-2048x1365.jpg 2048w\" sizes=\"auto, (max-width: 2560px) 100vw, 2560px\" \/><\/a><\/figure>\n\n\n\n<p class=\"has-text-align-center has-medium-font-size\">Formas do cuidado<\/p>\n<\/div>\n\n\n\n<div class=\"wp-block-column is-layout-flow wp-block-column-is-layout-flow\">\n<figure class=\"wp-block-image size-large is-style-rounded\"><a href=\"https:\/\/ileaxeominagbaraoluaye.org\/?page_id=104\" target=\"_blank\" rel=\"noreferrer noopener\"><img loading=\"lazy\" decoding=\"async\" width=\"1024\" height=\"683\" src=\"http:\/\/ileaxeominagbaraoluaye.org\/wp-content\/uploads\/2023\/10\/IMG_0168-1024x683.jpg\" alt=\"\" class=\"wp-image-173\" style=\"aspect-ratio:1;object-fit:cover\" srcset=\"https:\/\/ileaxeominagbaraoluaye.org\/wp-content\/uploads\/2023\/10\/IMG_0168-1024x683.jpg 1024w, https:\/\/ileaxeominagbaraoluaye.org\/wp-content\/uploads\/2023\/10\/IMG_0168-300x200.jpg 300w, https:\/\/ileaxeominagbaraoluaye.org\/wp-content\/uploads\/2023\/10\/IMG_0168-768x512.jpg 768w, https:\/\/ileaxeominagbaraoluaye.org\/wp-content\/uploads\/2023\/10\/IMG_0168-1536x1024.jpg 1536w, https:\/\/ileaxeominagbaraoluaye.org\/wp-content\/uploads\/2023\/10\/IMG_0168-2048x1365.jpg 2048w\" sizes=\"auto, (max-width: 1024px) 100vw, 1024px\" \/><\/a><\/figure>\n\n\n\n<p class=\"has-text-align-center has-medium-font-size\">Samba da Mo\u00e7a<\/p>\n\n\n\n<figure class=\"wp-block-image size-large is-style-rounded\"><a href=\"https:\/\/ileaxeominagbaraoluaye.org\/?page_id=332\"><img loading=\"lazy\" decoding=\"async\" width=\"1024\" height=\"683\" src=\"https:\/\/ileaxeominagbaraoluaye.org\/wp-content\/uploads\/2023\/10\/20220911-IMG_7624-1-1024x683.jpg\" alt=\"\" class=\"wp-image-90\" style=\"aspect-ratio:1;object-fit:cover\" srcset=\"https:\/\/ileaxeominagbaraoluaye.org\/wp-content\/uploads\/2023\/10\/20220911-IMG_7624-1-1024x683.jpg 1024w, https:\/\/ileaxeominagbaraoluaye.org\/wp-content\/uploads\/2023\/10\/20220911-IMG_7624-1-300x200.jpg 300w, https:\/\/ileaxeominagbaraoluaye.org\/wp-content\/uploads\/2023\/10\/20220911-IMG_7624-1-768x512.jpg 768w, https:\/\/ileaxeominagbaraoluaye.org\/wp-content\/uploads\/2023\/10\/20220911-IMG_7624-1-1536x1024.jpg 1536w, https:\/\/ileaxeominagbaraoluaye.org\/wp-content\/uploads\/2023\/10\/20220911-IMG_7624-1-2048x1365.jpg 2048w\" sizes=\"auto, (max-width: 1024px) 100vw, 1024px\" \/><\/a><\/figure>\n\n\n\n<p class=\"has-text-align-center has-medium-font-size\">G\u00e8l\u00e8de: frente feminista <br>comunit\u00e1ria em Nova Igua\u00e7u<\/p>\n\n\n\n<figure class=\"wp-block-image size-large is-style-rounded\"><a href=\"https:\/\/ileaxeominagbaraoluaye.org\/?page_id=382\" target=\"_blank\" rel=\"noreferrer noopener\"><img loading=\"lazy\" decoding=\"async\" width=\"1024\" height=\"682\" src=\"https:\/\/ileaxeominagbaraoluaye.org\/wp-content\/uploads\/2023\/10\/d12f7cf2-8585-49ed-a2b1-18970ffe7f7d-2-1024x682.jpg\" alt=\"\" class=\"wp-image-73\" style=\"aspect-ratio:1;object-fit:cover\" srcset=\"https:\/\/ileaxeominagbaraoluaye.org\/wp-content\/uploads\/2023\/10\/d12f7cf2-8585-49ed-a2b1-18970ffe7f7d-2-1024x682.jpg 1024w, https:\/\/ileaxeominagbaraoluaye.org\/wp-content\/uploads\/2023\/10\/d12f7cf2-8585-49ed-a2b1-18970ffe7f7d-2-300x200.jpg 300w, https:\/\/ileaxeominagbaraoluaye.org\/wp-content\/uploads\/2023\/10\/d12f7cf2-8585-49ed-a2b1-18970ffe7f7d-2-768x512.jpg 768w, https:\/\/ileaxeominagbaraoluaye.org\/wp-content\/uploads\/2023\/10\/d12f7cf2-8585-49ed-a2b1-18970ffe7f7d-2.jpg 1280w\" sizes=\"auto, (max-width: 1024px) 100vw, 1024px\" \/><\/a><\/figure>\n\n\n\n<p class=\"has-text-align-center has-medium-font-size\">Quitanda de Er\u00ea<\/p>\n<\/div>\n<\/div>\n","protected":false},"excerpt":{"rendered":"<p>Nossa comunidade desenvolve a\u00e7\u00f5es sociais e culturais desde sua funda\u00e7\u00e3o, sempre com o desejo de impactar positivamente nosso territ\u00f3rio a partir da difus\u00e3o e preserva\u00e7\u00e3o de valores e pr\u00e1ticas de matrizes africanas. Clique nas imagens para saber mais sobre cada um de nossos projetos Kosi Ew\u00e9, Kosi Oris\u00e1 Plantando direitos humanos,cuidando da terra Formas do [&hellip;]<\/p>\n","protected":false},"author":1,"featured_media":0,"parent":0,"menu_order":0,"comment_status":"closed","ping_status":"closed","template":"","meta":{"footnotes":""},"class_list":["post-6","page","type-page","status-publish","hentry"],"_links":{"self":[{"href":"https:\/\/ileaxeominagbaraoluaye.org\/index.php?rest_route=\/wp\/v2\/pages\/6","targetHints":{"allow":["GET"]}}],"collection":[{"href":"https:\/\/ileaxeominagbaraoluaye.org\/index.php?rest_route=\/wp\/v2\/pages"}],"about":[{"href":"https:\/\/ileaxeominagbaraoluaye.org\/index.php?rest_route=\/wp\/v2\/types\/page"}],"author":[{"embeddable":true,"href":"https:\/\/ileaxeominagbaraoluaye.org\/index.php?rest_route=\/wp\/v2\/users\/1"}],"replies":[{"embeddable":true,"href":"https:\/\/ileaxeominagbaraoluaye.org\/index.php?rest_route=%2Fwp%2Fv2%2Fcomments&post=6"}],"version-history":[{"count":29,"href":"https:\/\/ileaxeominagbaraoluaye.org\/index.php?rest_route=\/wp\/v2\/pages\/6\/revisions"}],"predecessor-version":[{"id":402,"href":"https:\/\/ileaxeominagbaraoluaye.org\/index.php?rest_route=\/wp\/v2\/pages\/6\/revisions\/402"}],"wp:attachment":[{"href":"https:\/\/ileaxeominagbaraoluaye.org\/index.php?rest_route=%2Fwp%2Fv2%2Fmedia&parent=6"}],"curies":[{"name":"wp","href":"https:\/\/api.w.org\/{rel}","templated":true}]}}