{"id":77,"date":"2023-10-03T23:33:10","date_gmt":"2023-10-04T02:33:10","guid":{"rendered":"https:\/\/ileaxeominagbaraoluaye.org\/?page_id=77"},"modified":"2023-10-13T23:58:27","modified_gmt":"2023-10-14T02:58:27","slug":"doe-agora","status":"publish","type":"page","link":"https:\/\/ileaxeominagbaraoluaye.org\/?page_id=77","title":{"rendered":"Seja um doador"},"content":{"rendered":"\n<figure class=\"wp-block-image aligncenter size-large\"><img loading=\"lazy\" decoding=\"async\" width=\"1024\" height=\"682\" src=\"https:\/\/ileaxeominagbaraoluaye.org\/wp-content\/uploads\/2023\/10\/IMG-20220311-WA0234-3-1-1024x682.jpg\" alt=\"\" class=\"wp-image-79\" style=\"aspect-ratio:3\/2;object-fit:contain\" srcset=\"https:\/\/ileaxeominagbaraoluaye.org\/wp-content\/uploads\/2023\/10\/IMG-20220311-WA0234-3-1-1024x682.jpg 1024w, https:\/\/ileaxeominagbaraoluaye.org\/wp-content\/uploads\/2023\/10\/IMG-20220311-WA0234-3-1-300x200.jpg 300w, https:\/\/ileaxeominagbaraoluaye.org\/wp-content\/uploads\/2023\/10\/IMG-20220311-WA0234-3-1-768x512.jpg 768w, https:\/\/ileaxeominagbaraoluaye.org\/wp-content\/uploads\/2023\/10\/IMG-20220311-WA0234-3-1.jpg 1280w\" sizes=\"auto, (max-width: 1024px) 100vw, 1024px\" \/><\/figure>\n\n\n\n<p class=\"has-medium-font-size\">Construir uma comunidade \u00e9 tarefa de muitos p\u00e9s, m\u00e3os e cabe\u00e7as. <\/p>\n\n\n\n<p class=\"has-small-font-size\">Al\u00e9m dos in\u00fameros desafios que envolvem a constru\u00e7\u00e3o de uma casa de ax\u00e9, a continuidade de nossos projetos sociais depende do acesso a recursos. Fazendo uma doa\u00e7\u00e3o, voc\u00ea garante a preserva\u00e7\u00e3o dos valores e pr\u00e1ticas de uma comunidade tradicional de terreiro, fortalecendo uma rede de solidariedade no territ\u00f3rio. <\/p>\n\n\n\n<p class=\"has-small-font-size\">Quer fazer uma doa\u00e7\u00e3o de alimentos, roupas, brinquedos, livros e outros itens de primeira necessidade? Envie um email para <a href=\"mailto:ileaxeomingabaraoluaye@gmail.com\">ileaxeomingabaraoluaye@gmail.com<\/a>.<\/p>\n\n\n\n<p class=\"has-small-font-size\">Voc\u00ea tamb\u00e9m pode fazer uma doa\u00e7\u00e3o em dinheiro diretamente para a conta banc\u00e1ria do nosso Il\u00ea, atrav\u00e9s do PIX &#8211; QR Code abaixo:<\/p>\n\n\n\n<figure class=\"wp-block-image aligncenter size-full is-resized\"><img loading=\"lazy\" decoding=\"async\" width=\"372\" height=\"393\" src=\"http:\/\/ileaxeominagbaraoluaye.org\/wp-content\/uploads\/2023\/10\/WhatsApp-Image-2023-10-13-at-12.25.55-e1697251786507.jpeg\" alt=\"\" class=\"wp-image-403\" style=\"aspect-ratio:0.9465648854961832;width:218px;height:auto\" srcset=\"https:\/\/ileaxeominagbaraoluaye.org\/wp-content\/uploads\/2023\/10\/WhatsApp-Image-2023-10-13-at-12.25.55-e1697251786507.jpeg 372w, https:\/\/ileaxeominagbaraoluaye.org\/wp-content\/uploads\/2023\/10\/WhatsApp-Image-2023-10-13-at-12.25.55-e1697251786507-284x300.jpeg 284w, https:\/\/ileaxeominagbaraoluaye.org\/wp-content\/uploads\/2023\/10\/WhatsApp-Image-2023-10-13-at-12.25.55-e1697251786507-200x211.jpeg 200w\" sizes=\"auto, (max-width: 372px) 100vw, 372px\" \/><\/figure>\n\n\n\n<p class=\"has-small-font-size\"><br>Fa\u00e7a parte dessa hist\u00f3ria!<br><\/p>\n","protected":false},"excerpt":{"rendered":"<p>Construir uma comunidade \u00e9 tarefa de muitos p\u00e9s, m\u00e3os e cabe\u00e7as. Al\u00e9m dos in\u00fameros desafios que envolvem a constru\u00e7\u00e3o de uma casa de ax\u00e9, a continuidade de nossos projetos sociais depende do acesso a recursos. Fazendo uma doa\u00e7\u00e3o, voc\u00ea garante a preserva\u00e7\u00e3o dos valores e pr\u00e1ticas de uma comunidade tradicional de terreiro, fortalecendo uma rede [&hellip;]<\/p>\n","protected":false},"author":1,"featured_media":0,"parent":0,"menu_order":0,"comment_status":"closed","ping_status":"closed","template":"","meta":{"footnotes":""},"class_list":["post-77","page","type-page","status-publish","hentry"],"_links":{"self":[{"href":"https:\/\/ileaxeominagbaraoluaye.org\/index.php?rest_route=\/wp\/v2\/pages\/77","targetHints":{"allow":["GET"]}}],"collection":[{"href":"https:\/\/ileaxeominagbaraoluaye.org\/index.php?rest_route=\/wp\/v2\/pages"}],"about":[{"href":"https:\/\/ileaxeominagbaraoluaye.org\/index.php?rest_route=\/wp\/v2\/types\/page"}],"author":[{"embeddable":true,"href":"https:\/\/ileaxeominagbaraoluaye.org\/index.php?rest_route=\/wp\/v2\/users\/1"}],"replies":[{"embeddable":true,"href":"https:\/\/ileaxeominagbaraoluaye.org\/index.php?rest_route=%2Fwp%2Fv2%2Fcomments&post=77"}],"version-history":[{"count":5,"href":"https:\/\/ileaxeominagbaraoluaye.org\/index.php?rest_route=\/wp\/v2\/pages\/77\/revisions"}],"predecessor-version":[{"id":406,"href":"https:\/\/ileaxeominagbaraoluaye.org\/index.php?rest_route=\/wp\/v2\/pages\/77\/revisions\/406"}],"wp:attachment":[{"href":"https:\/\/ileaxeominagbaraoluaye.org\/index.php?rest_route=%2Fwp%2Fv2%2Fmedia&parent=77"}],"curies":[{"name":"wp","href":"https:\/\/api.w.org\/{rel}","templated":true}]}}